{"id":3,"date":"2023-10-16T10:36:21","date_gmt":"2023-10-16T10:36:21","guid":{"rendered":"https:\/\/web4.rkinformatika.net\/modasmaider\/?page_id=3"},"modified":"2023-10-25T09:41:16","modified_gmt":"2023-10-25T09:41:16","slug":"inicio","status":"publish","type":"page","link":"https:\/\/modasmaider.com\/eu\/","title":{"rendered":"Hasiera"},"content":{"rendered":"\t\t<div data-elementor-type=\"wp-page\" data-elementor-id=\"3\" class=\"elementor elementor-3\" data-elementor-post-type=\"page\">\n\t\t\t\t\t\t<section class=\"elementor-section elementor-top-section elementor-element elementor-element-d0c6c74 elementor-section-boxed elementor-section-height-default elementor-section-height-default\" data-id=\"d0c6c74\" data-element_type=\"section\" data-e-type=\"section\" data-settings=\"{&quot;background_background&quot;:&quot;slideshow&quot;,&quot;background_slideshow_gallery&quot;:[{&quot;id&quot;:354,&quot;url&quot;:&quot;https:\\\/\\\/modasmaider.com\\\/wp-content\\\/uploads\\\/2023\\\/10\\\/WhatsApp-Image-2023-10-24-at-12.07.48.jpeg&quot;}],&quot;background_slideshow_ken_burns&quot;:&quot;yes&quot;,&quot;shape_divider_bottom&quot;:&quot;wave-brush&quot;,&quot;background_slideshow_loop&quot;:&quot;yes&quot;,&quot;background_slideshow_slide_duration&quot;:5000,&quot;background_slideshow_slide_transition&quot;:&quot;fade&quot;,&quot;background_slideshow_transition_duration&quot;:500,&quot;background_slideshow_ken_burns_zoom_direction&quot;:&quot;in&quot;}\">\n\t\t\t\t\t\t\t<div class=\"elementor-background-overlay\"><\/div>\n\t\t\t\t\t\t<div class=\"elementor-shape elementor-shape-bottom\" aria-hidden=\"true\" data-negative=\"false\">\n\t\t\t<svg xmlns=\"http:\/\/www.w3.org\/2000\/svg\" viewBox=\"0 0 283.5 27.8\" preserveAspectRatio=\"none\">\n\t<path class=\"elementor-shape-fill\" d=\"M283.5,9.7c0,0-7.3,4.3-14,4.6c-6.8,0.3-12.6,0-20.9-1.5c-11.3-2-33.1-10.1-44.7-5.7\ts-12.1,4.6-18,7.4c-6.6,3.2-20,9.6-36.6,9.3C131.6,23.5,99.5,7.2,86.3,8c-1.4,0.1-6.6,0.8-10.5,2c-3.8,1.2-9.4,3.8-17,4.7\tc-3.2,0.4-8.3,1.1-14.2,0.9c-1.5-0.1-6.3-0.4-12-1.6c-5.7-1.2-11-3.1-15.8-3.7C6.5,9.2,0,10.8,0,10.8V0h283.5V9.7z M260.8,11.3\tc-0.7-1-2-0.4-4.3-0.4c-2.3,0-6.1-1.2-5.8-1.1c0.3,0.1,3.1,1.5,6,1.9C259.7,12.2,261.4,12.3,260.8,11.3z M242.4,8.6\tc0,0-2.4-0.2-5.6-0.9c-3.2-0.8-10.3-2.8-15.1-3.5c-8.2-1.1-15.8,0-15.1,0.1c0.8,0.1,9.6-0.6,17.6,1.1c3.3,0.7,9.3,2.2,12.4,2.7\tC239.9,8.7,242.4,8.6,242.4,8.6z M185.2,8.5c1.7-0.7-13.3,4.7-18.5,6.1c-2.1,0.6-6.2,1.6-10,2c-3.9,0.4-8.9,0.4-8.8,0.5\tc0,0.2,5.8,0.8,11.2,0c5.4-0.8,5.2-1.1,7.6-1.6C170.5,14.7,183.5,9.2,185.2,8.5z M199.1,6.9c0.2,0-0.8-0.4-4.8,1.1\tc-4,1.5-6.7,3.5-6.9,3.7c-0.2,0.1,3.5-1.8,6.6-3C197,7.5,199,6.9,199.1,6.9z M283,6c-0.1,0.1-1.9,1.1-4.8,2.5s-6.9,2.8-6.7,2.7\tc0.2,0,3.5-0.6,7.4-2.5C282.8,6.8,283.1,5.9,283,6z M31.3,11.6c0.1-0.2-1.9-0.2-4.5-1.2s-5.4-1.6-7.8-2C15,7.6,7.3,8.5,7.7,8.6\tC8,8.7,15.9,8.3,20.2,9.3c2.2,0.5,2.4,0.5,5.7,1.6S31.2,11.9,31.3,11.6z M73,9.2c0.4-0.1,3.5-1.6,8.4-2.6c4.9-1.1,8.9-0.5,8.9-0.8\tc0-0.3-1-0.9-6.2-0.3S72.6,9.3,73,9.2z M71.6,6.7C71.8,6.8,75,5.4,77.3,5c2.3-0.3,1.9-0.5,1.9-0.6c0-0.1-1.1-0.2-2.7,0.2\tC74.8,5.1,71.4,6.6,71.6,6.7z M93.6,4.4c0.1,0.2,3.5,0.8,5.6,1.8c2.1,1,1.8,0.6,1.9,0.5c0.1-0.1-0.8-0.8-2.4-1.3\tC97.1,4.8,93.5,4.2,93.6,4.4z M65.4,11.1c-0.1,0.3,0.3,0.5,1.9-0.2s2.6-1.3,2.2-1.2s-0.9,0.4-2.5,0.8C65.3,10.9,65.5,10.8,65.4,11.1\tz M34.5,12.4c-0.2,0,2.1,0.8,3.3,0.9c1.2,0.1,2,0.1,2-0.2c0-0.3-0.1-0.5-1.6-0.4C36.6,12.8,34.7,12.4,34.5,12.4z M152.2,21.1\tc-0.1,0.1-2.4-0.3-7.5-0.3c-5,0-13.6-2.4-17.2-3.5c-3.6-1.1,10,3.9,16.5,4.1C150.5,21.6,152.3,21,152.2,21.1z\"\/>\n\t<path class=\"elementor-shape-fill\" d=\"M269.6,18c-0.1-0.1-4.6,0.3-7.2,0c-7.3-0.7-17-3.2-16.6-2.9c0.4,0.3,13.7,3.1,17,3.3\tC267.7,18.8,269.7,18,269.6,18z\"\/>\n\t<path class=\"elementor-shape-fill\" d=\"M227.4,9.8c-0.2-0.1-4.5-1-9.5-1.2c-5-0.2-12.7,0.6-12.3,0.5c0.3-0.1,5.9-1.8,13.3-1.2\tS227.6,9.9,227.4,9.8z\"\/>\n\t<path class=\"elementor-shape-fill\" d=\"M204.5,13.4c-0.1-0.1,2-1,3.2-1.1c1.2-0.1,2,0,2,0.3c0,0.3-0.1,0.5-1.6,0.4\tC206.4,12.9,204.6,13.5,204.5,13.4z\"\/>\n\t<path class=\"elementor-shape-fill\" d=\"M201,10.6c0-0.1-4.4,1.2-6.3,2.2c-1.9,0.9-6.2,3.1-6.1,3.1c0.1,0.1,4.2-1.6,6.3-2.6\tS201,10.7,201,10.6z\"\/>\n\t<path class=\"elementor-shape-fill\" d=\"M154.5,26.7c-0.1-0.1-4.6,0.3-7.2,0c-7.3-0.7-17-3.2-16.6-2.9c0.4,0.3,13.7,3.1,17,3.3\tC152.6,27.5,154.6,26.8,154.5,26.7z\"\/>\n\t<path class=\"elementor-shape-fill\" d=\"M41.9,19.3c0,0,1.2-0.3,2.9-0.1c1.7,0.2,5.8,0.9,8.2,0.7c4.2-0.4,7.4-2.7,7-2.6\tc-0.4,0-4.3,2.2-8.6,1.9c-1.8-0.1-5.1-0.5-6.7-0.4S41.9,19.3,41.9,19.3z\"\/>\n\t<path class=\"elementor-shape-fill\" d=\"M75.5,12.6c0.2,0.1,2-0.8,4.3-1.1c2.3-0.2,2.1-0.3,2.1-0.5c0-0.1-1.8-0.4-3.4,0\tC76.9,11.5,75.3,12.5,75.5,12.6z\"\/>\n\t<path class=\"elementor-shape-fill\" d=\"M15.6,13.2c0-0.1,4.3,0,6.7,0.5c2.4,0.5,5,1.9,5,2c0,0.1-2.7-0.8-5.1-1.4\tC19.9,13.7,15.7,13.3,15.6,13.2z\"\/>\n<\/svg>\t\t<\/div>\n\t\t\t\t\t<div class=\"elementor-container elementor-column-gap-no\">\n\t\t\t\t\t<div class=\"elementor-column elementor-col-100 elementor-top-column elementor-element elementor-element-846e4b2\" data-id=\"846e4b2\" data-element_type=\"column\" data-e-type=\"column\">\n\t\t\t<div class=\"elementor-widget-wrap elementor-element-populated\">\n\t\t\t\t\t\t<div class=\"elementor-element elementor-element-47661e2 elementor-widget elementor-widget-heading\" data-id=\"47661e2\" data-element_type=\"widget\" data-e-type=\"widget\" data-widget_type=\"heading.default\">\n\t\t\t\t<div class=\"elementor-widget-container\">\n\t\t\t\t\t<h2 class=\"elementor-heading-title elementor-size-default\">Comercio de ropa infantil y juvenil<\/h2>\t\t\t\t<\/div>\n\t\t\t\t<\/div>\n\t\t\t\t<div class=\"elementor-element elementor-element-b50f65f elementor-widget elementor-widget-heading\" data-id=\"b50f65f\" data-element_type=\"widget\" data-e-type=\"widget\" data-widget_type=\"heading.default\">\n\t\t\t\t<div class=\"elementor-widget-container\">\n\t\t\t\t\t<h2 class=\"elementor-heading-title elementor-size-default\">Calidad, comodidad y compromiso.<\/h2>\t\t\t\t<\/div>\n\t\t\t\t<\/div>\n\t\t\t\t\t<\/div>\n\t\t<\/div>\n\t\t\t\t\t<\/div>\n\t\t<\/section>\n\t\t\t\t<section class=\"elementor-section elementor-top-section elementor-element elementor-element-4ad9b22 elementor-section-boxed elementor-section-height-default elementor-section-height-default\" data-id=\"4ad9b22\" data-element_type=\"section\" data-e-type=\"section\" data-settings=\"{&quot;background_background&quot;:&quot;classic&quot;}\">\n\t\t\t\t\t\t<div class=\"elementor-container elementor-column-gap-default\">\n\t\t\t\t\t<div class=\"elementor-column elementor-col-100 elementor-top-column elementor-element elementor-element-4fc49cb elementor-invisible\" data-id=\"4fc49cb\" data-element_type=\"column\" data-e-type=\"column\" data-settings=\"{&quot;animation&quot;:&quot;fadeInDown&quot;,&quot;animation_delay&quot;:200,&quot;background_background&quot;:&quot;classic&quot;}\">\n\t\t\t<div class=\"elementor-widget-wrap elementor-element-populated\">\n\t\t\t\t\t\t<section class=\"elementor-section elementor-inner-section elementor-element elementor-element-2eb4c65 elementor-section-full_width elementor-section-height-default elementor-section-height-default\" data-id=\"2eb4c65\" data-element_type=\"section\" data-e-type=\"section\" data-settings=\"{&quot;background_background&quot;:&quot;classic&quot;}\">\n\t\t\t\t\t\t<div class=\"elementor-container elementor-column-gap-default\">\n\t\t\t\t\t<div class=\"elementor-column elementor-col-33 elementor-inner-column elementor-element elementor-element-a593cb8\" data-id=\"a593cb8\" data-element_type=\"column\" data-e-type=\"column\">\n\t\t\t<div class=\"elementor-widget-wrap elementor-element-populated\">\n\t\t\t\t\t\t<div class=\"elementor-element elementor-element-4d26e38 elementor-widget__width-initial elementor-widget-tablet__width-initial elementor-widget-mobile__width-initial elementor-widget elementor-widget-image\" data-id=\"4d26e38\" data-element_type=\"widget\" data-e-type=\"widget\" data-widget_type=\"image.default\">\n\t\t\t\t<div class=\"elementor-widget-container\">\n\t\t\t\t\t\t\t\t\t\t\t\t\t\t\t<img decoding=\"async\" width=\"64\" height=\"64\" src=\"https:\/\/modasmaider.com\/wp-content\/uploads\/2023\/10\/img-clock-2.png\" class=\"attachment-full size-full wp-image-174\" alt=\"\" srcset=\"https:\/\/modasmaider.com\/wp-content\/uploads\/2023\/10\/img-clock-2.png 64w, https:\/\/modasmaider.com\/wp-content\/uploads\/2023\/10\/img-clock-2-12x12.png 12w\" sizes=\"(max-width: 64px) 100vw, 64px\" \/>\t\t\t\t\t\t\t\t\t\t\t\t\t\t\t<\/div>\n\t\t\t\t<\/div>\n\t\t\t\t<div class=\"elementor-element elementor-element-68f6190 elementor-widget__width-initial elementor-widget-tablet__width-inherit elementor-widget-mobile__width-initial elementor-widget elementor-widget-heading\" data-id=\"68f6190\" data-element_type=\"widget\" data-e-type=\"widget\" data-widget_type=\"heading.default\">\n\t\t\t\t<div class=\"elementor-widget-container\">\n\t\t\t\t\t<h3 class=\"elementor-heading-title elementor-size-default\">Horario de apertura<\/h3>\t\t\t\t<\/div>\n\t\t\t\t<\/div>\n\t\t\t\t\t<\/div>\n\t\t<\/div>\n\t\t\t\t<div class=\"elementor-column elementor-col-33 elementor-inner-column elementor-element elementor-element-014b1a4\" data-id=\"014b1a4\" data-element_type=\"column\" data-e-type=\"column\">\n\t\t\t<div class=\"elementor-widget-wrap elementor-element-populated\">\n\t\t\t\t\t\t<div class=\"elementor-element elementor-element-5431467 elementor-widget__width-initial elementor-widget-tablet__width-initial elementor-widget-mobile__width-initial elementor-widget elementor-widget-heading\" data-id=\"5431467\" data-element_type=\"widget\" data-e-type=\"widget\" data-widget_type=\"heading.default\">\n\t\t\t\t<div class=\"elementor-widget-container\">\n\t\t\t\t\t<h4 class=\"elementor-heading-title elementor-size-default\">Lunes - Viernes<\/h4>\t\t\t\t<\/div>\n\t\t\t\t<\/div>\n\t\t\t\t<div class=\"elementor-element elementor-element-d1093b0 elementor-widget-tablet__width-initial elementor-widget-mobile__width-initial elementor-widget__width-initial elementor-widget elementor-widget-heading\" data-id=\"d1093b0\" data-element_type=\"widget\" data-e-type=\"widget\" data-widget_type=\"heading.default\">\n\t\t\t\t<div class=\"elementor-widget-container\">\n\t\t\t\t\t<h4 class=\"elementor-heading-title elementor-size-default\">10:00 - 13:30\n16:30 - 20:00<\/h4>\t\t\t\t<\/div>\n\t\t\t\t<\/div>\n\t\t\t\t\t<\/div>\n\t\t<\/div>\n\t\t\t\t<div class=\"elementor-column elementor-col-33 elementor-inner-column elementor-element elementor-element-9353d22\" data-id=\"9353d22\" data-element_type=\"column\" data-e-type=\"column\">\n\t\t\t<div class=\"elementor-widget-wrap elementor-element-populated\">\n\t\t\t\t\t\t<div class=\"elementor-element elementor-element-f4a6596 elementor-widget__width-initial elementor-widget-tablet__width-initial elementor-widget-mobile__width-initial elementor-widget elementor-widget-heading\" data-id=\"f4a6596\" data-element_type=\"widget\" data-e-type=\"widget\" data-widget_type=\"heading.default\">\n\t\t\t\t<div class=\"elementor-widget-container\">\n\t\t\t\t\t<h4 class=\"elementor-heading-title elementor-size-default\">S\u00e1bados<\/h4>\t\t\t\t<\/div>\n\t\t\t\t<\/div>\n\t\t\t\t<div class=\"elementor-element elementor-element-32a46ea elementor-widget-tablet__width-initial elementor-widget-mobile__width-initial elementor-widget__width-initial elementor-widget elementor-widget-heading\" data-id=\"32a46ea\" data-element_type=\"widget\" data-e-type=\"widget\" data-widget_type=\"heading.default\">\n\t\t\t\t<div class=\"elementor-widget-container\">\n\t\t\t\t\t<h4 class=\"elementor-heading-title elementor-size-default\">10:00 - 13:30\n<\/h4>\t\t\t\t<\/div>\n\t\t\t\t<\/div>\n\t\t\t\t\t<\/div>\n\t\t<\/div>\n\t\t\t\t\t<\/div>\n\t\t<\/section>\n\t\t\t\t\t<\/div>\n\t\t<\/div>\n\t\t\t\t\t<\/div>\n\t\t<\/section>\n\t\t\t\t<section class=\"elementor-section elementor-top-section elementor-element elementor-element-3dd5ef5 elementor-reverse-mobile elementor-section-boxed elementor-section-height-default elementor-section-height-default\" data-id=\"3dd5ef5\" data-element_type=\"section\" data-e-type=\"section\" data-settings=\"{&quot;shape_divider_bottom&quot;:&quot;opacity-tilt&quot;}\">\n\t\t\t\t\t<div class=\"elementor-shape elementor-shape-bottom\" aria-hidden=\"true\" data-negative=\"false\">\n\t\t\t<svg xmlns=\"http:\/\/www.w3.org\/2000\/svg\" viewBox=\"0 0 2600 131.1\" preserveAspectRatio=\"none\">\n\t<path class=\"elementor-shape-fill\" d=\"M0 0L2600 0 2600 69.1 0 0z\"\/>\n\t<path class=\"elementor-shape-fill\" style=\"opacity:0.5\" d=\"M0 0L2600 0 2600 69.1 0 69.1z\"\/>\n\t<path class=\"elementor-shape-fill\" style=\"opacity:0.25\" d=\"M2600 0L0 0 0 130.1 2600 69.1z\"\/>\n<\/svg>\t\t<\/div>\n\t\t\t\t\t<div class=\"elementor-container elementor-column-gap-default\">\n\t\t\t\t\t<div class=\"elementor-column elementor-col-50 elementor-top-column elementor-element elementor-element-2d6e189\" data-id=\"2d6e189\" data-element_type=\"column\" data-e-type=\"column\" data-settings=\"{&quot;background_background&quot;:&quot;classic&quot;}\">\n\t\t\t<div class=\"elementor-widget-wrap elementor-element-populated\">\n\t\t\t\t\t<div class=\"elementor-background-overlay\"><\/div>\n\t\t\t\t\t\t<div class=\"elementor-element elementor-element-458dc4a elementor-widget elementor-widget-heading\" data-id=\"458dc4a\" data-element_type=\"widget\" data-e-type=\"widget\" data-widget_type=\"heading.default\">\n\t\t\t\t<div class=\"elementor-widget-container\">\n\t\t\t\t\t<h2 class=\"elementor-heading-title elementor-size-default\">Curr\u00edculum<\/h2>\t\t\t\t<\/div>\n\t\t\t\t<\/div>\n\t\t\t\t<div class=\"elementor-element elementor-element-81e5a5d elementor-widget elementor-widget-text-editor\" data-id=\"81e5a5d\" data-element_type=\"widget\" data-e-type=\"widget\" data-widget_type=\"text-editor.default\">\n\t\t\t\t<div class=\"elementor-widget-container\">\n\t\t\t\t\t\t\t\t\t<p>Somos una tienda de ropa infantil y juvenil con m\u00e1s de treinta a\u00f1os de experiencia en el comercio de ropa.<\/p><p>Desde 1990 hemos estado trayendo a nuestros clientes las \u00faltimas tendencias de moda de diferentes marcas. Nos enorgullece ofrecer una amplia selecci\u00f3n de ropa y accesorios para ni\u00f1os y j\u00f3venes en una variedad de estilos y tallas.<\/p><p>Adem\u00e1s, nos aseguramos de mantenernos actualizados con las \u00faltimas tendencias y de trabajar con marcas confiables para garantizar que nuestros clientes reciban solo productos de alta calidad.<\/p><p>Nuestro objetivo es satisfacer las necesidades de nuestros clientes y proporcionarles una experiencia de compra agradable y sin complicaciones, y estamos comprometidos a seguir haci\u00e9ndolo en el futuro.<\/p>\t\t\t\t\t\t\t\t<\/div>\n\t\t\t\t<\/div>\n\t\t\t\t<div class=\"elementor-element elementor-element-32aa648 elementor-align-left elementor-widget__width-auto elementor-widget elementor-widget-button\" data-id=\"32aa648\" data-element_type=\"widget\" data-e-type=\"widget\" data-widget_type=\"button.default\">\n\t\t\t\t<div class=\"elementor-widget-container\">\n\t\t\t\t\t\t\t\t\t<div class=\"elementor-button-wrapper\">\n\t\t\t\t\t<a class=\"elementor-button elementor-button-link elementor-size-sm\" href=\"https:\/\/modasmaider.com\/contacto\/\">\n\t\t\t\t\t\t<span class=\"elementor-button-content-wrapper\">\n\t\t\t\t\t\t\t\t\t<span class=\"elementor-button-text\">Cont\u00e1ctanos<\/span>\n\t\t\t\t\t<\/span>\n\t\t\t\t\t<\/a>\n\t\t\t\t<\/div>\n\t\t\t\t\t\t\t\t<\/div>\n\t\t\t\t<\/div>\n\t\t\t\t\t<\/div>\n\t\t<\/div>\n\t\t\t\t<div class=\"elementor-column elementor-col-50 elementor-top-column elementor-element elementor-element-535c252\" data-id=\"535c252\" data-element_type=\"column\" data-e-type=\"column\">\n\t\t\t<div class=\"elementor-widget-wrap elementor-element-populated\">\n\t\t\t\t\t\t<div class=\"elementor-element elementor-element-754e3e2 elementor-widget elementor-widget-image\" data-id=\"754e3e2\" data-element_type=\"widget\" data-e-type=\"widget\" data-widget_type=\"image.default\">\n\t\t\t\t<div class=\"elementor-widget-container\">\n\t\t\t\t\t\t\t\t\t\t\t\t\t\t\t<img fetchpriority=\"high\" decoding=\"async\" width=\"4912\" height=\"7360\" src=\"https:\/\/modasmaider.com\/wp-content\/uploads\/2023\/10\/smiling-kid-hiden-in-clothing-closet.jpg\" class=\"attachment-full size-full wp-image-157\" alt=\"Smiling kid hiden in clothing closet\" srcset=\"https:\/\/modasmaider.com\/wp-content\/uploads\/2023\/10\/smiling-kid-hiden-in-clothing-closet.jpg 4912w, https:\/\/modasmaider.com\/wp-content\/uploads\/2023\/10\/smiling-kid-hiden-in-clothing-closet-200x300.jpg 200w, https:\/\/modasmaider.com\/wp-content\/uploads\/2023\/10\/smiling-kid-hiden-in-clothing-closet-683x1024.jpg 683w, https:\/\/modasmaider.com\/wp-content\/uploads\/2023\/10\/smiling-kid-hiden-in-clothing-closet-768x1151.jpg 768w, https:\/\/modasmaider.com\/wp-content\/uploads\/2023\/10\/smiling-kid-hiden-in-clothing-closet-1025x1536.jpg 1025w, https:\/\/modasmaider.com\/wp-content\/uploads\/2023\/10\/smiling-kid-hiden-in-clothing-closet-1367x2048.jpg 1367w, https:\/\/modasmaider.com\/wp-content\/uploads\/2023\/10\/smiling-kid-hiden-in-clothing-closet-8x12.jpg 8w\" sizes=\"(max-width: 4912px) 100vw, 4912px\" \/>\t\t\t\t\t\t\t\t\t\t\t\t\t\t\t<\/div>\n\t\t\t\t<\/div>\n\t\t\t\t\t<\/div>\n\t\t<\/div>\n\t\t\t\t\t<\/div>\n\t\t<\/section>\n\t\t\t\t<\/div>\n\t\t","protected":false},"excerpt":{"rendered":"<p>Comercio de ropa infantil y juvenil Calidad, comodidad y compromiso. Horario de apertura Lunes &#8211; Viernes 10:00 &#8211; 13:30 16:30 &#8211; 20:00 S\u00e1bados 10:00 &#8211; 13:30 Curr\u00edculum Somos una tienda de ropa infantil y juvenil con m\u00e1s de treinta a\u00f1os de experiencia en el comercio de ropa. Desde 1990 hemos estado trayendo a nuestros clientes [&hellip;]<\/p>\n","protected":false},"author":1,"featured_media":16,"parent":0,"menu_order":0,"comment_status":"closed","ping_status":"closed","template":"elementor_canvas","meta":{"footnotes":""},"class_list":["post-3","page","type-page","status-publish","has-post-thumbnail","hentry"],"yoast_head":"<!-- This site is optimized with the Yoast SEO plugin v27.5 - https:\/\/yoast.com\/product\/yoast-seo-wordpress\/ -->\n<title>Inicio - Modas Maider<\/title>\n<meta name=\"robots\" content=\"index, follow, max-snippet:-1, max-image-preview:large, max-video-preview:-1\" \/>\n<link rel=\"canonical\" href=\"https:\/\/modasmaider.com\/eu\/\" \/>\n<meta property=\"og:locale\" content=\"en_US\" \/>\n<meta property=\"og:type\" content=\"article\" \/>\n<meta property=\"og:title\" content=\"Inicio - Modas Maider\" \/>\n<meta property=\"og:description\" content=\"Comercio de ropa infantil y juvenil Calidad, comodidad y compromiso. Horario de apertura Lunes &#8211; Viernes 10:00 &#8211; 13:30 16:30 &#8211; 20:00 S\u00e1bados 10:00 &#8211; 13:30 Curr\u00edculum Somos una tienda de ropa infantil y juvenil con m\u00e1s de treinta a\u00f1os de experiencia en el comercio de ropa. Desde 1990 hemos estado trayendo a nuestros clientes [&hellip;]\" \/>\n<meta property=\"og:url\" content=\"https:\/\/modasmaider.com\/eu\/\" \/>\n<meta property=\"og:site_name\" content=\"Modas Maider\" \/>\n<meta property=\"article:modified_time\" content=\"2023-10-25T09:41:16+00:00\" \/>\n<meta property=\"og:image\" content=\"https:\/\/modasmaider.com\/wp-content\/uploads\/2023\/10\/cropped-cropped-6ac36558-a1f1-432c-b9ff-62d5d27e98d9-1.png\" \/>\n\t<meta property=\"og:image:width\" content=\"512\" \/>\n\t<meta property=\"og:image:height\" content=\"301\" \/>\n\t<meta property=\"og:image:type\" content=\"image\/png\" \/>\n<meta name=\"twitter:card\" content=\"summary_large_image\" \/>\n<meta name=\"twitter:label1\" content=\"Est. reading time\" \/>\n\t<meta name=\"twitter:data1\" content=\"1 minutua\" \/>\n<script type=\"application\/ld+json\" class=\"yoast-schema-graph\">{\"@context\":\"https:\\\/\\\/schema.org\",\"@graph\":[{\"@type\":\"WebPage\",\"@id\":\"https:\\\/\\\/modasmaider.com\\\/\",\"url\":\"https:\\\/\\\/modasmaider.com\\\/\",\"name\":\"Inicio - Modas Maider\",\"isPartOf\":{\"@id\":\"https:\\\/\\\/modasmaider.com\\\/#website\"},\"primaryImageOfPage\":{\"@id\":\"https:\\\/\\\/modasmaider.com\\\/#primaryimage\"},\"image\":{\"@id\":\"https:\\\/\\\/modasmaider.com\\\/#primaryimage\"},\"thumbnailUrl\":\"https:\\\/\\\/modasmaider.com\\\/wp-content\\\/uploads\\\/2023\\\/10\\\/cropped-cropped-6ac36558-a1f1-432c-b9ff-62d5d27e98d9-1.png\",\"datePublished\":\"2023-10-16T10:36:21+00:00\",\"dateModified\":\"2023-10-25T09:41:16+00:00\",\"breadcrumb\":{\"@id\":\"https:\\\/\\\/modasmaider.com\\\/#breadcrumb\"},\"inLanguage\":\"eu\",\"potentialAction\":[{\"@type\":\"ReadAction\",\"target\":[\"https:\\\/\\\/modasmaider.com\\\/\"]}]},{\"@type\":\"ImageObject\",\"inLanguage\":\"eu\",\"@id\":\"https:\\\/\\\/modasmaider.com\\\/#primaryimage\",\"url\":\"https:\\\/\\\/modasmaider.com\\\/wp-content\\\/uploads\\\/2023\\\/10\\\/cropped-cropped-6ac36558-a1f1-432c-b9ff-62d5d27e98d9-1.png\",\"contentUrl\":\"https:\\\/\\\/modasmaider.com\\\/wp-content\\\/uploads\\\/2023\\\/10\\\/cropped-cropped-6ac36558-a1f1-432c-b9ff-62d5d27e98d9-1.png\",\"width\":512,\"height\":301},{\"@type\":\"BreadcrumbList\",\"@id\":\"https:\\\/\\\/modasmaider.com\\\/#breadcrumb\",\"itemListElement\":[{\"@type\":\"ListItem\",\"position\":1,\"name\":\"Portada\",\"item\":\"https:\\\/\\\/modasmaider.com\\\/\"},{\"@type\":\"ListItem\",\"position\":2,\"name\":\"Inicio\"}]},{\"@type\":\"WebSite\",\"@id\":\"https:\\\/\\\/modasmaider.com\\\/#website\",\"url\":\"https:\\\/\\\/modasmaider.com\\\/\",\"name\":\"Modas Maider\",\"description\":\"\",\"publisher\":{\"@id\":\"https:\\\/\\\/modasmaider.com\\\/#organization\"},\"potentialAction\":[{\"@type\":\"SearchAction\",\"target\":{\"@type\":\"EntryPoint\",\"urlTemplate\":\"https:\\\/\\\/modasmaider.com\\\/?s={search_term_string}\"},\"query-input\":{\"@type\":\"PropertyValueSpecification\",\"valueRequired\":true,\"valueName\":\"search_term_string\"}}],\"inLanguage\":\"eu\"},{\"@type\":\"Organization\",\"@id\":\"https:\\\/\\\/modasmaider.com\\\/#organization\",\"name\":\"Modas Maider\",\"url\":\"https:\\\/\\\/modasmaider.com\\\/\",\"logo\":{\"@type\":\"ImageObject\",\"inLanguage\":\"eu\",\"@id\":\"https:\\\/\\\/modasmaider.com\\\/#\\\/schema\\\/logo\\\/image\\\/\",\"url\":\"https:\\\/\\\/modasmaider.com\\\/wp-content\\\/uploads\\\/2023\\\/10\\\/cropped-cropped-6ac36558-a1f1-432c-b9ff-62d5d27e98d9-1.png\",\"contentUrl\":\"https:\\\/\\\/modasmaider.com\\\/wp-content\\\/uploads\\\/2023\\\/10\\\/cropped-cropped-6ac36558-a1f1-432c-b9ff-62d5d27e98d9-1.png\",\"width\":512,\"height\":301,\"caption\":\"Modas Maider \"},\"image\":{\"@id\":\"https:\\\/\\\/modasmaider.com\\\/#\\\/schema\\\/logo\\\/image\\\/\"}}]}<\/script>\n<!-- \/ Yoast SEO plugin. -->","yoast_head_json":{"title":"Inicio - Modas Maider","robots":{"index":"index","follow":"follow","max-snippet":"max-snippet:-1","max-image-preview":"max-image-preview:large","max-video-preview":"max-video-preview:-1"},"canonical":"https:\/\/modasmaider.com\/eu\/","og_locale":"en_US","og_type":"article","og_title":"Inicio - Modas Maider","og_description":"Comercio de ropa infantil y juvenil Calidad, comodidad y compromiso. Horario de apertura Lunes &#8211; Viernes 10:00 &#8211; 13:30 16:30 &#8211; 20:00 S\u00e1bados 10:00 &#8211; 13:30 Curr\u00edculum Somos una tienda de ropa infantil y juvenil con m\u00e1s de treinta a\u00f1os de experiencia en el comercio de ropa. Desde 1990 hemos estado trayendo a nuestros clientes [&hellip;]","og_url":"https:\/\/modasmaider.com\/eu\/","og_site_name":"Modas Maider","article_modified_time":"2023-10-25T09:41:16+00:00","og_image":[{"width":512,"height":301,"url":"https:\/\/modasmaider.com\/wp-content\/uploads\/2023\/10\/cropped-cropped-6ac36558-a1f1-432c-b9ff-62d5d27e98d9-1.png","type":"image\/png"}],"twitter_card":"summary_large_image","twitter_misc":{"Est. reading time":"1 minutua"},"schema":{"@context":"https:\/\/schema.org","@graph":[{"@type":"WebPage","@id":"https:\/\/modasmaider.com\/","url":"https:\/\/modasmaider.com\/","name":"Inicio - Modas Maider","isPartOf":{"@id":"https:\/\/modasmaider.com\/#website"},"primaryImageOfPage":{"@id":"https:\/\/modasmaider.com\/#primaryimage"},"image":{"@id":"https:\/\/modasmaider.com\/#primaryimage"},"thumbnailUrl":"https:\/\/modasmaider.com\/wp-content\/uploads\/2023\/10\/cropped-cropped-6ac36558-a1f1-432c-b9ff-62d5d27e98d9-1.png","datePublished":"2023-10-16T10:36:21+00:00","dateModified":"2023-10-25T09:41:16+00:00","breadcrumb":{"@id":"https:\/\/modasmaider.com\/#breadcrumb"},"inLanguage":"eu","potentialAction":[{"@type":"ReadAction","target":["https:\/\/modasmaider.com\/"]}]},{"@type":"ImageObject","inLanguage":"eu","@id":"https:\/\/modasmaider.com\/#primaryimage","url":"https:\/\/modasmaider.com\/wp-content\/uploads\/2023\/10\/cropped-cropped-6ac36558-a1f1-432c-b9ff-62d5d27e98d9-1.png","contentUrl":"https:\/\/modasmaider.com\/wp-content\/uploads\/2023\/10\/cropped-cropped-6ac36558-a1f1-432c-b9ff-62d5d27e98d9-1.png","width":512,"height":301},{"@type":"BreadcrumbList","@id":"https:\/\/modasmaider.com\/#breadcrumb","itemListElement":[{"@type":"ListItem","position":1,"name":"Portada","item":"https:\/\/modasmaider.com\/"},{"@type":"ListItem","position":2,"name":"Inicio"}]},{"@type":"WebSite","@id":"https:\/\/modasmaider.com\/#website","url":"https:\/\/modasmaider.com\/","name":"Modas Maider","description":"","publisher":{"@id":"https:\/\/modasmaider.com\/#organization"},"potentialAction":[{"@type":"SearchAction","target":{"@type":"EntryPoint","urlTemplate":"https:\/\/modasmaider.com\/?s={search_term_string}"},"query-input":{"@type":"PropertyValueSpecification","valueRequired":true,"valueName":"search_term_string"}}],"inLanguage":"eu"},{"@type":"Organization","@id":"https:\/\/modasmaider.com\/#organization","name":"Modas Maider","url":"https:\/\/modasmaider.com\/","logo":{"@type":"ImageObject","inLanguage":"eu","@id":"https:\/\/modasmaider.com\/#\/schema\/logo\/image\/","url":"https:\/\/modasmaider.com\/wp-content\/uploads\/2023\/10\/cropped-cropped-6ac36558-a1f1-432c-b9ff-62d5d27e98d9-1.png","contentUrl":"https:\/\/modasmaider.com\/wp-content\/uploads\/2023\/10\/cropped-cropped-6ac36558-a1f1-432c-b9ff-62d5d27e98d9-1.png","width":512,"height":301,"caption":"Modas Maider "},"image":{"@id":"https:\/\/modasmaider.com\/#\/schema\/logo\/image\/"}}]}},"_links":{"self":[{"href":"https:\/\/modasmaider.com\/eu\/wp-json\/wp\/v2\/pages\/3","targetHints":{"allow":["GET"]}}],"collection":[{"href":"https:\/\/modasmaider.com\/eu\/wp-json\/wp\/v2\/pages"}],"about":[{"href":"https:\/\/modasmaider.com\/eu\/wp-json\/wp\/v2\/types\/page"}],"author":[{"embeddable":true,"href":"https:\/\/modasmaider.com\/eu\/wp-json\/wp\/v2\/users\/1"}],"replies":[{"embeddable":true,"href":"https:\/\/modasmaider.com\/eu\/wp-json\/wp\/v2\/comments?post=3"}],"version-history":[{"count":104,"href":"https:\/\/modasmaider.com\/eu\/wp-json\/wp\/v2\/pages\/3\/revisions"}],"predecessor-version":[{"id":360,"href":"https:\/\/modasmaider.com\/eu\/wp-json\/wp\/v2\/pages\/3\/revisions\/360"}],"wp:featuredmedia":[{"embeddable":true,"href":"https:\/\/modasmaider.com\/eu\/wp-json\/wp\/v2\/media\/16"}],"wp:attachment":[{"href":"https:\/\/modasmaider.com\/eu\/wp-json\/wp\/v2\/media?parent=3"}],"curies":[{"name":"wp","href":"https:\/\/api.w.org\/{rel}","templated":true}]}}